{"id":2660,"date":"2013-04-02T21:05:09","date_gmt":"2013-04-02T21:05:09","guid":{"rendered":"http:\/\/www.georg-koschinski.de\/wordpress\/?page_id=2"},"modified":"2024-12-07T21:55:26","modified_gmt":"2024-12-07T21:55:26","slug":"sample-page-2","status":"publish","type":"page","link":"http:\/\/www.georg-koschinski.de\/","title":{"rendered":"Georg Koschinski, Maler und Graphiker"},"content":{"rendered":"<p><img loading=\"lazy\" decoding=\"async\" class=\"size-medium wp-image-20 alignright\" src=\"http:\/\/185.233.105.128\/k\/wp-content\/uploads\/2013\/04\/Selbstportrait-e1364938168128.jpg\" alt=\"Selbstportrait\" width=\"239\" height=\"300\" srcset=\"http:\/\/www.georg-koschinski.de\/wp-content\/uploads\/2013\/04\/Selbstportrait-e1364938168128.jpg 500w, http:\/\/www.georg-koschinski.de\/wp-content\/uploads\/2013\/04\/Selbstportrait-e1364938168128-240x300.jpg 240w\" sizes=\"auto, (max-width: 239px) 100vw, 239px\" \/><\/p>\n<p>1916 in Leipzig geboren, absolvierte Georg Koschinski in den 30er-Jahren die Ausbildung zum Reprofotografen, besuchte sp\u00e4ter die Meisterschule f\u00fcr das grafische Gewerbe, die Staatliche Akademie f\u00fcr grafische K\u00fcnste und Buchgewerbe in Leipzig und die Dresdner Kunstakademie.<br \/>\n1946 lie\u00df er sich als freischaffender Maler und Grafiker in Esslingen nieder. Er schuf dort in vielen Jahrzehnten ein sehr umfangreiches, vielf\u00e4ltiges k\u00fcnstlerisches Werk, bestehend aus \u00d6lbildern, Aquarellen, Gouachen, Frottagen, Tuschearbeiten, Bleistiftzeichnungen und Lithographien. Durch seinen individuellen Stil pr\u00e4gte Georg Koschinski auch das grafische Gesicht vieler kultureller Institutionen und zahlreicher Firmen. Sein k\u00fcnstlerisches Engagement wirkte stilpr\u00e4gend f\u00fcr zahlreiche Kulturinitiativen in seiner Heimatstadt, so zum Beispiel f\u00fcr den \u201eKulturtreff\u201c oder die \u201eLyrik-B\u00fchne\u201c. Seine Liebe zur Literatur spiegeln zahlreiche seiner Arbeiten wider; oft ergab sich ein bildnerisch-literarischen Austausch in Form satirischer Karikaturen oder einf\u00fchlsamer k\u00fcnstlerischer Interpretationen.<\/p>\n<h3>Letzte Ausstellungen:<\/h3>\n<p style=\"text-align: center;\"><a href=\"http:\/\/185.233.105.128\/k\/wp-content\/uploads\/2019\/03\/EZ-Artikel-3.11.18.pdf\"><img loading=\"lazy\" decoding=\"async\" class=\"alignnone size-medium wp-image-2744\" src=\"http:\/\/185.233.105.128\/k\/wp-content\/uploads\/2019\/03\/EZ-Artikel-3.11.18-126x300.png\" alt=\"\" width=\"126\" height=\"300\" srcset=\"http:\/\/www.georg-koschinski.de\/wp-content\/uploads\/2019\/03\/EZ-Artikel-3.11.18-126x300.png 126w, http:\/\/www.georg-koschinski.de\/wp-content\/uploads\/2019\/03\/EZ-Artikel-3.11.18-430x1024.png 430w, http:\/\/www.georg-koschinski.de\/wp-content\/uploads\/2019\/03\/EZ-Artikel-3.11.18.png 456w\" sizes=\"auto, (max-width: 126px) 100vw, 126px\" \/><\/a><\/p>\n<p>&nbsp;<\/p>\n<p><img loading=\"lazy\" decoding=\"async\" class=\"size-medium wp-image-2736 aligncenter\" src=\"http:\/\/185.233.105.128\/k\/wp-content\/uploads\/2017\/01\/Plakat_Ebersberg-201x300.png\" alt=\"Plakat_Ebersberg\" width=\"201\" height=\"300\" srcset=\"http:\/\/www.georg-koschinski.de\/wp-content\/uploads\/2017\/01\/Plakat_Ebersberg-201x300.png 201w, http:\/\/www.georg-koschinski.de\/wp-content\/uploads\/2017\/01\/Plakat_Ebersberg.png 340w\" sizes=\"auto, (max-width: 201px) 100vw, 201px\" \/><\/p>\n<p style=\"text-align: center;\">Medienecho : <a href=\"http:\/\/www.sueddeutsche.de\/muenchen\/ebersberg\/ebersberg-harlekin-in-oel-1.3342667\">Artikel in der SZ<\/a><\/p>\n","protected":false},"excerpt":{"rendered":"<p>1916 in Leipzig geboren, absolvierte Georg Koschinski in den 30er-Jahren die Ausbildung zum Reprofotografen, besuchte sp\u00e4ter die Meisterschule f\u00fcr das grafische Gewerbe, die Staatliche Akademie f\u00fcr grafische K\u00fcnste und Buchgewerbe in Leipzig und die Dresdner Kunstakademie. 1946 lie\u00df er sich als freischaffender Maler und Grafiker in Esslingen nieder. Er schuf dort in vielen Jahrzehnten ein [&hellip;]<\/p>\n","protected":false},"author":1,"featured_media":0,"parent":0,"menu_order":0,"comment_status":"closed","ping_status":"closed","template":"page-templates\/front-page.php","meta":{"footnotes":""},"class_list":["post-2660","page","type-page","status-publish","hentry"],"_links":{"self":[{"href":"http:\/\/www.georg-koschinski.de\/index.php?rest_route=\/wp\/v2\/pages\/2660","targetHints":{"allow":["GET"]}}],"collection":[{"href":"http:\/\/www.georg-koschinski.de\/index.php?rest_route=\/wp\/v2\/pages"}],"about":[{"href":"http:\/\/www.georg-koschinski.de\/index.php?rest_route=\/wp\/v2\/types\/page"}],"author":[{"embeddable":true,"href":"http:\/\/www.georg-koschinski.de\/index.php?rest_route=\/wp\/v2\/users\/1"}],"replies":[{"embeddable":true,"href":"http:\/\/www.georg-koschinski.de\/index.php?rest_route=%2Fwp%2Fv2%2Fcomments&post=2660"}],"version-history":[{"count":2,"href":"http:\/\/www.georg-koschinski.de\/index.php?rest_route=\/wp\/v2\/pages\/2660\/revisions"}],"predecessor-version":[{"id":2761,"href":"http:\/\/www.georg-koschinski.de\/index.php?rest_route=\/wp\/v2\/pages\/2660\/revisions\/2761"}],"wp:attachment":[{"href":"http:\/\/www.georg-koschinski.de\/index.php?rest_route=%2Fwp%2Fv2%2Fmedia&parent=2660"}],"curies":[{"name":"wp","href":"https:\/\/api.w.org\/{rel}","templated":true}]}}